{"id":3998,"date":"2025-05-19T01:32:38","date_gmt":"2025-05-19T05:32:38","guid":{"rendered":"https:\/\/fundaciondaya.org\/mystaging01\/?post_type=product&#038;p=3998"},"modified":"2025-05-26T13:42:58","modified_gmt":"2025-05-26T17:42:58","slug":"diego-cruz-medico-cirujano","status":"publish","type":"product","link":"https:\/\/fundaciondaya.org\/mystaging01\/servicios\/diego-cruz-medico-cirujano\/","title":{"rendered":"Diego Cruz &#8211; M\u00e9dico Cirujano"},"content":{"rendered":"<p>Diego Cruz Oyarce, M\u00e9dico-Cirujano titulado en la Universidad de Santiago de Chile, con formaci\u00f3n en Urgencia Pedi\u00e1trica y un M\u00e1ster en Medicina de Monta\u00f1a otorgado por la Universit\u00e0 degli Studi dell&#8217;Insubria, Italia. Con m\u00e1s de 13 a\u00f1os de experiencia cl\u00ednica asistencial, durante los \u00faltimos 9 a\u00f1os se ha especializado en la modulaci\u00f3n del sistema endocannabinoide mediante el uso terap\u00e9utico de la planta de cannabis. Es el m\u00e9dico con mayor trayectoria en tratamientos cann\u00e1bicos dentro de Fundaci\u00f3n Daya. Adem\u00e1s, se desempe\u00f1a como docente en diversos cursos, seminarios, diplomados y programas de posgrado en Endocannabinolog\u00eda, tanto a nivel nacional como internacional.<\/p>\n","protected":false},"excerpt":{"rendered":"<p>Diego Cruz Oyarce, M\u00e9dico-Cirujano titulado en la Universidad de Santiago de Chile, con m\u00e1s de 13 a\u00f1os de experiencia cl\u00ednica asistencial, durante los \u00faltimos 9 a\u00f1os se ha especializado en la modulaci\u00f3n del sistema endocannabinoide mediante el uso terap\u00e9utico de la planta de cannabis. Es el m\u00e9dico con mayor trayectoria en tratamientos cann\u00e1bicos dentro de Fundaci\u00f3n Daya.<\/p>\n","protected":false},"featured_media":4018,"template":"","meta":{"_coblocks_attr":"","_coblocks_dimensions":"","_coblocks_responsive_height":"","_coblocks_accordion_ie_support":"","ub_ctt_via":"","_themeisle_gutenberg_block_has_review":false,"jetpack_post_was_ever_published":false},"product_brand":[],"product_cat":[142],"product_tag":[156,155],"class_list":{"0":"post-3998","1":"product","2":"type-product","3":"status-publish","4":"has-post-thumbnail","6":"product_cat-medicos-consultores","7":"product_tag-medicina-cannabica","8":"product_tag-medico-cirujano","10":"first","11":"instock","12":"shipping-taxable","13":"purchasable","14":"product-type-external"},"yoast_head":"<!-- This site is optimized with the Yoast SEO Premium plugin v20.0 (Yoast SEO v27.4) - https:\/\/yoast.com\/product\/yoast-seo-premium-wordpress\/ -->\n<title>Diego Cruz - M\u00e9dico Cirujano - Fundaci\u00f3n Daya<\/title>\n<meta name=\"robots\" content=\"noindex, follow, max-snippet:-1, max-image-preview:large, max-video-preview:-1\" \/>\n<meta property=\"og:locale\" content=\"es_ES\" \/>\n<meta property=\"og:type\" content=\"article\" \/>\n<meta property=\"og:title\" content=\"Diego Cruz - M\u00e9dico Cirujano\" \/>\n<meta property=\"og:description\" content=\"Diego Cruz Oyarce, M\u00e9dico-Cirujano titulado en la Universidad de Santiago de Chile, con m\u00e1s de 13 a\u00f1os de experiencia cl\u00ednica asistencial, durante los \u00faltimos 9 a\u00f1os se ha especializado en la modulaci\u00f3n del sistema endocannabinoide mediante el uso terap\u00e9utico de la planta de cannabis. Es el m\u00e9dico con mayor trayectoria en tratamientos cann\u00e1bicos dentro de Fundaci\u00f3n Daya.\" \/>\n<meta property=\"og:url\" content=\"https:\/\/fundaciondaya.org\/mystaging01\/servicios\/diego-cruz-medico-cirujano\/\" \/>\n<meta property=\"og:site_name\" content=\"Fundaci\u00f3n Daya\" \/>\n<meta property=\"article:publisher\" content=\"https:\/\/www.facebook.com\/fundaciondaya\" \/>\n<meta property=\"article:modified_time\" content=\"2025-05-26T17:42:58+00:00\" \/>\n<meta property=\"og:image\" content=\"https:\/\/i0.wp.com\/fundaciondaya.org\/mystaging01\/wp-content\/uploads\/2025\/05\/Diseno-sin-titulo.png?fit=1080%2C1080&ssl=1\" \/>\n\t<meta property=\"og:image:width\" content=\"1080\" \/>\n\t<meta property=\"og:image:height\" content=\"1080\" \/>\n\t<meta property=\"og:image:type\" content=\"image\/png\" \/>\n<meta name=\"twitter:card\" content=\"summary_large_image\" \/>\n<meta name=\"twitter:site\" content=\"@FundacionDaya\" \/>\n<meta name=\"twitter:label1\" content=\"Tiempo de lectura\" \/>\n\t<meta name=\"twitter:data1\" content=\"1 minuto\" \/>\n<script type=\"application\/ld+json\" class=\"yoast-schema-graph\">{\"@context\":\"https:\\\/\\\/schema.org\",\"@graph\":[{\"@type\":\"WebPage\",\"@id\":\"https:\\\/\\\/fundaciondaya.org\\\/mystaging01\\\/servicios\\\/diego-cruz-medico-cirujano\\\/\",\"url\":\"https:\\\/\\\/fundaciondaya.org\\\/mystaging01\\\/servicios\\\/diego-cruz-medico-cirujano\\\/\",\"name\":\"Diego Cruz - M\u00e9dico Cirujano - Fundaci\u00f3n Daya\",\"isPartOf\":{\"@id\":\"https:\\\/\\\/fundaciondaya.org\\\/mystaging01\\\/#website\"},\"primaryImageOfPage\":{\"@id\":\"https:\\\/\\\/fundaciondaya.org\\\/mystaging01\\\/servicios\\\/diego-cruz-medico-cirujano\\\/#primaryimage\"},\"image\":{\"@id\":\"https:\\\/\\\/fundaciondaya.org\\\/mystaging01\\\/servicios\\\/diego-cruz-medico-cirujano\\\/#primaryimage\"},\"thumbnailUrl\":\"https:\\\/\\\/i0.wp.com\\\/fundaciondaya.org\\\/mystaging01\\\/wp-content\\\/uploads\\\/2025\\\/05\\\/Diseno-sin-titulo.png?fit=1080%2C1080&ssl=1\",\"datePublished\":\"2025-05-19T05:32:38+00:00\",\"dateModified\":\"2025-05-26T17:42:58+00:00\",\"breadcrumb\":{\"@id\":\"https:\\\/\\\/fundaciondaya.org\\\/mystaging01\\\/servicios\\\/diego-cruz-medico-cirujano\\\/#breadcrumb\"},\"inLanguage\":\"es\",\"potentialAction\":[{\"@type\":\"ReadAction\",\"target\":[\"https:\\\/\\\/fundaciondaya.org\\\/mystaging01\\\/servicios\\\/diego-cruz-medico-cirujano\\\/\"]}]},{\"@type\":\"ImageObject\",\"inLanguage\":\"es\",\"@id\":\"https:\\\/\\\/fundaciondaya.org\\\/mystaging01\\\/servicios\\\/diego-cruz-medico-cirujano\\\/#primaryimage\",\"url\":\"https:\\\/\\\/i0.wp.com\\\/fundaciondaya.org\\\/mystaging01\\\/wp-content\\\/uploads\\\/2025\\\/05\\\/Diseno-sin-titulo.png?fit=1080%2C1080&ssl=1\",\"contentUrl\":\"https:\\\/\\\/i0.wp.com\\\/fundaciondaya.org\\\/mystaging01\\\/wp-content\\\/uploads\\\/2025\\\/05\\\/Diseno-sin-titulo.png?fit=1080%2C1080&ssl=1\",\"width\":1080,\"height\":1080},{\"@type\":\"BreadcrumbList\",\"@id\":\"https:\\\/\\\/fundaciondaya.org\\\/mystaging01\\\/servicios\\\/diego-cruz-medico-cirujano\\\/#breadcrumb\",\"itemListElement\":[{\"@type\":\"ListItem\",\"position\":1,\"name\":\"Inicio\",\"item\":\"https:\\\/\\\/fundaciondaya.org\\\/mystaging01\\\/\"},{\"@type\":\"ListItem\",\"position\":2,\"name\":\"Tienda\",\"item\":\"https:\\\/\\\/fundaciondaya.org\\\/mystaging01\\\/tienda\\\/\"},{\"@type\":\"ListItem\",\"position\":3,\"name\":\"Diego Cruz &#8211; M\u00e9dico Cirujano\"}]},{\"@type\":\"WebSite\",\"@id\":\"https:\\\/\\\/fundaciondaya.org\\\/mystaging01\\\/#website\",\"url\":\"https:\\\/\\\/fundaciondaya.org\\\/mystaging01\\\/\",\"name\":\"Fundaci\u00f3n Daya\",\"description\":\"Primer Centro Cann\u00e1bico de Latinoam\u00e9rica\",\"publisher\":{\"@id\":\"https:\\\/\\\/fundaciondaya.org\\\/mystaging01\\\/#organization\"},\"potentialAction\":[{\"@type\":\"SearchAction\",\"target\":{\"@type\":\"EntryPoint\",\"urlTemplate\":\"https:\\\/\\\/fundaciondaya.org\\\/mystaging01\\\/?s={search_term_string}\"},\"query-input\":{\"@type\":\"PropertyValueSpecification\",\"valueRequired\":true,\"valueName\":\"search_term_string\"}}],\"inLanguage\":\"es\"},{\"@type\":\"Organization\",\"@id\":\"https:\\\/\\\/fundaciondaya.org\\\/mystaging01\\\/#organization\",\"name\":\"Fundaci\u00f3n Daya\",\"url\":\"https:\\\/\\\/fundaciondaya.org\\\/mystaging01\\\/\",\"logo\":{\"@type\":\"ImageObject\",\"inLanguage\":\"es\",\"@id\":\"https:\\\/\\\/fundaciondaya.org\\\/mystaging01\\\/#\\\/schema\\\/logo\\\/image\\\/\",\"url\":\"https:\\\/\\\/fundaciondaya.org\\\/mystaging01\\\/wp-content\\\/uploads\\\/2020\\\/09\\\/New-Logo-Daya-Naranjo.png\",\"contentUrl\":\"https:\\\/\\\/fundaciondaya.org\\\/mystaging01\\\/wp-content\\\/uploads\\\/2020\\\/09\\\/New-Logo-Daya-Naranjo.png\",\"width\":610,\"height\":183,\"caption\":\"Fundaci\u00f3n Daya\"},\"image\":{\"@id\":\"https:\\\/\\\/fundaciondaya.org\\\/mystaging01\\\/#\\\/schema\\\/logo\\\/image\\\/\"},\"sameAs\":[\"https:\\\/\\\/www.facebook.com\\\/fundaciondaya\",\"https:\\\/\\\/x.com\\\/FundacionDaya\",\"https:\\\/\\\/www.instagram.com\\\/fundaciondaya\\\/\",\"https:\\\/\\\/www.youtube.com\\\/channel\\\/UCgiidu5lI6mO-HGdhBqd5PQ\"]}]}<\/script>\n<!-- \/ Yoast SEO Premium plugin. -->","yoast_head_json":{"title":"Diego Cruz - M\u00e9dico Cirujano - Fundaci\u00f3n Daya","robots":{"index":"noindex","follow":"follow","max-snippet":"max-snippet:-1","max-image-preview":"max-image-preview:large","max-video-preview":"max-video-preview:-1"},"og_locale":"es_ES","og_type":"article","og_title":"Diego Cruz - M\u00e9dico Cirujano","og_description":"Diego Cruz Oyarce, M\u00e9dico-Cirujano titulado en la Universidad de Santiago de Chile, con m\u00e1s de 13 a\u00f1os de experiencia cl\u00ednica asistencial, durante los \u00faltimos 9 a\u00f1os se ha especializado en la modulaci\u00f3n del sistema endocannabinoide mediante el uso terap\u00e9utico de la planta de cannabis. Es el m\u00e9dico con mayor trayectoria en tratamientos cann\u00e1bicos dentro de Fundaci\u00f3n Daya.","og_url":"https:\/\/fundaciondaya.org\/mystaging01\/servicios\/diego-cruz-medico-cirujano\/","og_site_name":"Fundaci\u00f3n Daya","article_publisher":"https:\/\/www.facebook.com\/fundaciondaya","article_modified_time":"2025-05-26T17:42:58+00:00","og_image":[{"width":1080,"height":1080,"url":"https:\/\/i0.wp.com\/fundaciondaya.org\/mystaging01\/wp-content\/uploads\/2025\/05\/Diseno-sin-titulo.png?fit=1080%2C1080&ssl=1","type":"image\/png"}],"twitter_card":"summary_large_image","twitter_site":"@FundacionDaya","twitter_misc":{"Tiempo de lectura":"1 minuto"},"schema":{"@context":"https:\/\/schema.org","@graph":[{"@type":"WebPage","@id":"https:\/\/fundaciondaya.org\/mystaging01\/servicios\/diego-cruz-medico-cirujano\/","url":"https:\/\/fundaciondaya.org\/mystaging01\/servicios\/diego-cruz-medico-cirujano\/","name":"Diego Cruz - M\u00e9dico Cirujano - Fundaci\u00f3n Daya","isPartOf":{"@id":"https:\/\/fundaciondaya.org\/mystaging01\/#website"},"primaryImageOfPage":{"@id":"https:\/\/fundaciondaya.org\/mystaging01\/servicios\/diego-cruz-medico-cirujano\/#primaryimage"},"image":{"@id":"https:\/\/fundaciondaya.org\/mystaging01\/servicios\/diego-cruz-medico-cirujano\/#primaryimage"},"thumbnailUrl":"https:\/\/i0.wp.com\/fundaciondaya.org\/mystaging01\/wp-content\/uploads\/2025\/05\/Diseno-sin-titulo.png?fit=1080%2C1080&ssl=1","datePublished":"2025-05-19T05:32:38+00:00","dateModified":"2025-05-26T17:42:58+00:00","breadcrumb":{"@id":"https:\/\/fundaciondaya.org\/mystaging01\/servicios\/diego-cruz-medico-cirujano\/#breadcrumb"},"inLanguage":"es","potentialAction":[{"@type":"ReadAction","target":["https:\/\/fundaciondaya.org\/mystaging01\/servicios\/diego-cruz-medico-cirujano\/"]}]},{"@type":"ImageObject","inLanguage":"es","@id":"https:\/\/fundaciondaya.org\/mystaging01\/servicios\/diego-cruz-medico-cirujano\/#primaryimage","url":"https:\/\/i0.wp.com\/fundaciondaya.org\/mystaging01\/wp-content\/uploads\/2025\/05\/Diseno-sin-titulo.png?fit=1080%2C1080&ssl=1","contentUrl":"https:\/\/i0.wp.com\/fundaciondaya.org\/mystaging01\/wp-content\/uploads\/2025\/05\/Diseno-sin-titulo.png?fit=1080%2C1080&ssl=1","width":1080,"height":1080},{"@type":"BreadcrumbList","@id":"https:\/\/fundaciondaya.org\/mystaging01\/servicios\/diego-cruz-medico-cirujano\/#breadcrumb","itemListElement":[{"@type":"ListItem","position":1,"name":"Inicio","item":"https:\/\/fundaciondaya.org\/mystaging01\/"},{"@type":"ListItem","position":2,"name":"Tienda","item":"https:\/\/fundaciondaya.org\/mystaging01\/tienda\/"},{"@type":"ListItem","position":3,"name":"Diego Cruz &#8211; M\u00e9dico Cirujano"}]},{"@type":"WebSite","@id":"https:\/\/fundaciondaya.org\/mystaging01\/#website","url":"https:\/\/fundaciondaya.org\/mystaging01\/","name":"Fundaci\u00f3n Daya","description":"Primer Centro Cann\u00e1bico de Latinoam\u00e9rica","publisher":{"@id":"https:\/\/fundaciondaya.org\/mystaging01\/#organization"},"potentialAction":[{"@type":"SearchAction","target":{"@type":"EntryPoint","urlTemplate":"https:\/\/fundaciondaya.org\/mystaging01\/?s={search_term_string}"},"query-input":{"@type":"PropertyValueSpecification","valueRequired":true,"valueName":"search_term_string"}}],"inLanguage":"es"},{"@type":"Organization","@id":"https:\/\/fundaciondaya.org\/mystaging01\/#organization","name":"Fundaci\u00f3n Daya","url":"https:\/\/fundaciondaya.org\/mystaging01\/","logo":{"@type":"ImageObject","inLanguage":"es","@id":"https:\/\/fundaciondaya.org\/mystaging01\/#\/schema\/logo\/image\/","url":"https:\/\/fundaciondaya.org\/mystaging01\/wp-content\/uploads\/2020\/09\/New-Logo-Daya-Naranjo.png","contentUrl":"https:\/\/fundaciondaya.org\/mystaging01\/wp-content\/uploads\/2020\/09\/New-Logo-Daya-Naranjo.png","width":610,"height":183,"caption":"Fundaci\u00f3n Daya"},"image":{"@id":"https:\/\/fundaciondaya.org\/mystaging01\/#\/schema\/logo\/image\/"},"sameAs":["https:\/\/www.facebook.com\/fundaciondaya","https:\/\/x.com\/FundacionDaya","https:\/\/www.instagram.com\/fundaciondaya\/","https:\/\/www.youtube.com\/channel\/UCgiidu5lI6mO-HGdhBqd5PQ"]}]}},"jetpack_sharing_enabled":true,"_links":{"self":[{"href":"https:\/\/fundaciondaya.org\/mystaging01\/wp-json\/wp\/v2\/product\/3998","targetHints":{"allow":["GET"]}}],"collection":[{"href":"https:\/\/fundaciondaya.org\/mystaging01\/wp-json\/wp\/v2\/product"}],"about":[{"href":"https:\/\/fundaciondaya.org\/mystaging01\/wp-json\/wp\/v2\/types\/product"}],"wp:featuredmedia":[{"embeddable":true,"href":"https:\/\/fundaciondaya.org\/mystaging01\/wp-json\/wp\/v2\/media\/4018"}],"wp:attachment":[{"href":"https:\/\/fundaciondaya.org\/mystaging01\/wp-json\/wp\/v2\/media?parent=3998"}],"wp:term":[{"taxonomy":"product_brand","embeddable":true,"href":"https:\/\/fundaciondaya.org\/mystaging01\/wp-json\/wp\/v2\/product_brand?post=3998"},{"taxonomy":"product_cat","embeddable":true,"href":"https:\/\/fundaciondaya.org\/mystaging01\/wp-json\/wp\/v2\/product_cat?post=3998"},{"taxonomy":"product_tag","embeddable":true,"href":"https:\/\/fundaciondaya.org\/mystaging01\/wp-json\/wp\/v2\/product_tag?post=3998"}],"curies":[{"name":"wp","href":"https:\/\/api.w.org\/{rel}","templated":true}]}}