{"id":4031,"date":"2025-05-19T01:26:12","date_gmt":"2025-05-19T05:26:12","guid":{"rendered":"https:\/\/fundaciondaya.org\/mystaging01\/?post_type=product&#038;p=4031"},"modified":"2025-05-26T13:30:26","modified_gmt":"2025-05-26T17:30:26","slug":"diego-salazar-kong-medico-cirujano","status":"publish","type":"product","link":"https:\/\/fundaciondaya.org\/mystaging01\/servicios\/diego-salazar-kong-medico-cirujano\/","title":{"rendered":"Diego Salazar Kong &#8211; M\u00e9dico Cirujano"},"content":{"rendered":"<p><span style=\"font-weight: 400;\">Dr. Diego Salazar Kong.\u00a0 M\u00e9dico General especialista en el uso del cannabis medicinal. <\/span><span style=\"font-weight: 400;\">Atendiendo desde el 2020 con un enfoque integral con buenos resultados en m\u00faltiples tratamientos. <\/span><span style=\"font-weight: 400;\">Miembro Coreprem Comisi\u00f3n Regional de los derechos de pacientes de salud mental de la regi\u00f3n de Arica y Parinacota. <\/span><span style=\"font-weight: 400;\">Director M\u00e9dico Centro M\u00e9dico Integral Jakawi.<\/span><\/p>\n","protected":false},"excerpt":{"rendered":"<p>Dr. Diego Salazar Kong, especialista en cannabis medicinal, atiende desde 2020 con enfoque integral. Miembro de Coreprem y director m\u00e9dico del Centro M\u00e9dico Integral Jakawi.<\/p>\n","protected":false},"featured_media":4032,"template":"","meta":{"_coblocks_attr":"","_coblocks_dimensions":"","_coblocks_responsive_height":"","_coblocks_accordion_ie_support":"","ub_ctt_via":"","_themeisle_gutenberg_block_has_review":false,"jetpack_post_was_ever_published":false},"product_brand":[],"product_cat":[142],"product_tag":[156,155],"class_list":{"0":"post-4031","1":"product","2":"type-product","3":"status-publish","4":"has-post-thumbnail","6":"product_cat-medicos-consultores","7":"product_tag-medicina-cannabica","8":"product_tag-medico-cirujano","10":"first","11":"instock","12":"shipping-taxable","13":"purchasable","14":"product-type-external"},"yoast_head":"<!-- This site is optimized with the Yoast SEO Premium plugin v20.0 (Yoast SEO v27.4) - https:\/\/yoast.com\/product\/yoast-seo-premium-wordpress\/ -->\n<title>Diego Salazar Kong - M\u00e9dico Cirujano - Fundaci\u00f3n Daya<\/title>\n<meta name=\"robots\" content=\"noindex, follow, max-snippet:-1, max-image-preview:large, max-video-preview:-1\" \/>\n<meta property=\"og:locale\" content=\"es_ES\" \/>\n<meta property=\"og:type\" content=\"article\" \/>\n<meta property=\"og:title\" content=\"Diego Salazar Kong - M\u00e9dico Cirujano\" \/>\n<meta property=\"og:description\" content=\"Dr. Diego Salazar Kong, especialista en cannabis medicinal, atiende desde 2020 con enfoque integral. Miembro de Coreprem y director m\u00e9dico del Centro M\u00e9dico Integral Jakawi.\" \/>\n<meta property=\"og:url\" content=\"https:\/\/fundaciondaya.org\/mystaging01\/servicios\/diego-salazar-kong-medico-cirujano\/\" \/>\n<meta property=\"og:site_name\" content=\"Fundaci\u00f3n Daya\" \/>\n<meta property=\"article:publisher\" content=\"https:\/\/www.facebook.com\/fundaciondaya\" \/>\n<meta property=\"article:modified_time\" content=\"2025-05-26T17:30:26+00:00\" \/>\n<meta property=\"og:image\" content=\"https:\/\/i0.wp.com\/fundaciondaya.org\/mystaging01\/wp-content\/uploads\/2025\/05\/Diego-Salazar-Kong.png?fit=1080%2C1080&ssl=1\" \/>\n\t<meta property=\"og:image:width\" content=\"1080\" \/>\n\t<meta property=\"og:image:height\" content=\"1080\" \/>\n\t<meta property=\"og:image:type\" content=\"image\/png\" \/>\n<meta name=\"twitter:card\" content=\"summary_large_image\" \/>\n<meta name=\"twitter:site\" content=\"@FundacionDaya\" \/>\n<meta name=\"twitter:label1\" content=\"Tiempo de lectura\" \/>\n\t<meta name=\"twitter:data1\" content=\"1 minuto\" \/>\n<script type=\"application\/ld+json\" class=\"yoast-schema-graph\">{\"@context\":\"https:\\\/\\\/schema.org\",\"@graph\":[{\"@type\":\"WebPage\",\"@id\":\"https:\\\/\\\/fundaciondaya.org\\\/mystaging01\\\/servicios\\\/diego-salazar-kong-medico-cirujano\\\/\",\"url\":\"https:\\\/\\\/fundaciondaya.org\\\/mystaging01\\\/servicios\\\/diego-salazar-kong-medico-cirujano\\\/\",\"name\":\"Diego Salazar Kong - M\u00e9dico Cirujano - Fundaci\u00f3n Daya\",\"isPartOf\":{\"@id\":\"https:\\\/\\\/fundaciondaya.org\\\/mystaging01\\\/#website\"},\"primaryImageOfPage\":{\"@id\":\"https:\\\/\\\/fundaciondaya.org\\\/mystaging01\\\/servicios\\\/diego-salazar-kong-medico-cirujano\\\/#primaryimage\"},\"image\":{\"@id\":\"https:\\\/\\\/fundaciondaya.org\\\/mystaging01\\\/servicios\\\/diego-salazar-kong-medico-cirujano\\\/#primaryimage\"},\"thumbnailUrl\":\"https:\\\/\\\/i0.wp.com\\\/fundaciondaya.org\\\/mystaging01\\\/wp-content\\\/uploads\\\/2025\\\/05\\\/Diego-Salazar-Kong.png?fit=1080%2C1080&ssl=1\",\"datePublished\":\"2025-05-19T05:26:12+00:00\",\"dateModified\":\"2025-05-26T17:30:26+00:00\",\"breadcrumb\":{\"@id\":\"https:\\\/\\\/fundaciondaya.org\\\/mystaging01\\\/servicios\\\/diego-salazar-kong-medico-cirujano\\\/#breadcrumb\"},\"inLanguage\":\"es\",\"potentialAction\":[{\"@type\":\"ReadAction\",\"target\":[\"https:\\\/\\\/fundaciondaya.org\\\/mystaging01\\\/servicios\\\/diego-salazar-kong-medico-cirujano\\\/\"]}]},{\"@type\":\"ImageObject\",\"inLanguage\":\"es\",\"@id\":\"https:\\\/\\\/fundaciondaya.org\\\/mystaging01\\\/servicios\\\/diego-salazar-kong-medico-cirujano\\\/#primaryimage\",\"url\":\"https:\\\/\\\/i0.wp.com\\\/fundaciondaya.org\\\/mystaging01\\\/wp-content\\\/uploads\\\/2025\\\/05\\\/Diego-Salazar-Kong.png?fit=1080%2C1080&ssl=1\",\"contentUrl\":\"https:\\\/\\\/i0.wp.com\\\/fundaciondaya.org\\\/mystaging01\\\/wp-content\\\/uploads\\\/2025\\\/05\\\/Diego-Salazar-Kong.png?fit=1080%2C1080&ssl=1\",\"width\":1080,\"height\":1080},{\"@type\":\"BreadcrumbList\",\"@id\":\"https:\\\/\\\/fundaciondaya.org\\\/mystaging01\\\/servicios\\\/diego-salazar-kong-medico-cirujano\\\/#breadcrumb\",\"itemListElement\":[{\"@type\":\"ListItem\",\"position\":1,\"name\":\"Inicio\",\"item\":\"https:\\\/\\\/fundaciondaya.org\\\/mystaging01\\\/\"},{\"@type\":\"ListItem\",\"position\":2,\"name\":\"Tienda\",\"item\":\"https:\\\/\\\/fundaciondaya.org\\\/mystaging01\\\/tienda\\\/\"},{\"@type\":\"ListItem\",\"position\":3,\"name\":\"Diego Salazar Kong &#8211; M\u00e9dico Cirujano\"}]},{\"@type\":\"WebSite\",\"@id\":\"https:\\\/\\\/fundaciondaya.org\\\/mystaging01\\\/#website\",\"url\":\"https:\\\/\\\/fundaciondaya.org\\\/mystaging01\\\/\",\"name\":\"Fundaci\u00f3n Daya\",\"description\":\"Primer Centro Cann\u00e1bico de Latinoam\u00e9rica\",\"publisher\":{\"@id\":\"https:\\\/\\\/fundaciondaya.org\\\/mystaging01\\\/#organization\"},\"potentialAction\":[{\"@type\":\"SearchAction\",\"target\":{\"@type\":\"EntryPoint\",\"urlTemplate\":\"https:\\\/\\\/fundaciondaya.org\\\/mystaging01\\\/?s={search_term_string}\"},\"query-input\":{\"@type\":\"PropertyValueSpecification\",\"valueRequired\":true,\"valueName\":\"search_term_string\"}}],\"inLanguage\":\"es\"},{\"@type\":\"Organization\",\"@id\":\"https:\\\/\\\/fundaciondaya.org\\\/mystaging01\\\/#organization\",\"name\":\"Fundaci\u00f3n Daya\",\"url\":\"https:\\\/\\\/fundaciondaya.org\\\/mystaging01\\\/\",\"logo\":{\"@type\":\"ImageObject\",\"inLanguage\":\"es\",\"@id\":\"https:\\\/\\\/fundaciondaya.org\\\/mystaging01\\\/#\\\/schema\\\/logo\\\/image\\\/\",\"url\":\"https:\\\/\\\/fundaciondaya.org\\\/mystaging01\\\/wp-content\\\/uploads\\\/2020\\\/09\\\/New-Logo-Daya-Naranjo.png\",\"contentUrl\":\"https:\\\/\\\/fundaciondaya.org\\\/mystaging01\\\/wp-content\\\/uploads\\\/2020\\\/09\\\/New-Logo-Daya-Naranjo.png\",\"width\":610,\"height\":183,\"caption\":\"Fundaci\u00f3n Daya\"},\"image\":{\"@id\":\"https:\\\/\\\/fundaciondaya.org\\\/mystaging01\\\/#\\\/schema\\\/logo\\\/image\\\/\"},\"sameAs\":[\"https:\\\/\\\/www.facebook.com\\\/fundaciondaya\",\"https:\\\/\\\/x.com\\\/FundacionDaya\",\"https:\\\/\\\/www.instagram.com\\\/fundaciondaya\\\/\",\"https:\\\/\\\/www.youtube.com\\\/channel\\\/UCgiidu5lI6mO-HGdhBqd5PQ\"]}]}<\/script>\n<!-- \/ Yoast SEO Premium plugin. -->","yoast_head_json":{"title":"Diego Salazar Kong - M\u00e9dico Cirujano - Fundaci\u00f3n Daya","robots":{"index":"noindex","follow":"follow","max-snippet":"max-snippet:-1","max-image-preview":"max-image-preview:large","max-video-preview":"max-video-preview:-1"},"og_locale":"es_ES","og_type":"article","og_title":"Diego Salazar Kong - M\u00e9dico Cirujano","og_description":"Dr. Diego Salazar Kong, especialista en cannabis medicinal, atiende desde 2020 con enfoque integral. Miembro de Coreprem y director m\u00e9dico del Centro M\u00e9dico Integral Jakawi.","og_url":"https:\/\/fundaciondaya.org\/mystaging01\/servicios\/diego-salazar-kong-medico-cirujano\/","og_site_name":"Fundaci\u00f3n Daya","article_publisher":"https:\/\/www.facebook.com\/fundaciondaya","article_modified_time":"2025-05-26T17:30:26+00:00","og_image":[{"width":1080,"height":1080,"url":"https:\/\/i0.wp.com\/fundaciondaya.org\/mystaging01\/wp-content\/uploads\/2025\/05\/Diego-Salazar-Kong.png?fit=1080%2C1080&ssl=1","type":"image\/png"}],"twitter_card":"summary_large_image","twitter_site":"@FundacionDaya","twitter_misc":{"Tiempo de lectura":"1 minuto"},"schema":{"@context":"https:\/\/schema.org","@graph":[{"@type":"WebPage","@id":"https:\/\/fundaciondaya.org\/mystaging01\/servicios\/diego-salazar-kong-medico-cirujano\/","url":"https:\/\/fundaciondaya.org\/mystaging01\/servicios\/diego-salazar-kong-medico-cirujano\/","name":"Diego Salazar Kong - M\u00e9dico Cirujano - Fundaci\u00f3n Daya","isPartOf":{"@id":"https:\/\/fundaciondaya.org\/mystaging01\/#website"},"primaryImageOfPage":{"@id":"https:\/\/fundaciondaya.org\/mystaging01\/servicios\/diego-salazar-kong-medico-cirujano\/#primaryimage"},"image":{"@id":"https:\/\/fundaciondaya.org\/mystaging01\/servicios\/diego-salazar-kong-medico-cirujano\/#primaryimage"},"thumbnailUrl":"https:\/\/i0.wp.com\/fundaciondaya.org\/mystaging01\/wp-content\/uploads\/2025\/05\/Diego-Salazar-Kong.png?fit=1080%2C1080&ssl=1","datePublished":"2025-05-19T05:26:12+00:00","dateModified":"2025-05-26T17:30:26+00:00","breadcrumb":{"@id":"https:\/\/fundaciondaya.org\/mystaging01\/servicios\/diego-salazar-kong-medico-cirujano\/#breadcrumb"},"inLanguage":"es","potentialAction":[{"@type":"ReadAction","target":["https:\/\/fundaciondaya.org\/mystaging01\/servicios\/diego-salazar-kong-medico-cirujano\/"]}]},{"@type":"ImageObject","inLanguage":"es","@id":"https:\/\/fundaciondaya.org\/mystaging01\/servicios\/diego-salazar-kong-medico-cirujano\/#primaryimage","url":"https:\/\/i0.wp.com\/fundaciondaya.org\/mystaging01\/wp-content\/uploads\/2025\/05\/Diego-Salazar-Kong.png?fit=1080%2C1080&ssl=1","contentUrl":"https:\/\/i0.wp.com\/fundaciondaya.org\/mystaging01\/wp-content\/uploads\/2025\/05\/Diego-Salazar-Kong.png?fit=1080%2C1080&ssl=1","width":1080,"height":1080},{"@type":"BreadcrumbList","@id":"https:\/\/fundaciondaya.org\/mystaging01\/servicios\/diego-salazar-kong-medico-cirujano\/#breadcrumb","itemListElement":[{"@type":"ListItem","position":1,"name":"Inicio","item":"https:\/\/fundaciondaya.org\/mystaging01\/"},{"@type":"ListItem","position":2,"name":"Tienda","item":"https:\/\/fundaciondaya.org\/mystaging01\/tienda\/"},{"@type":"ListItem","position":3,"name":"Diego Salazar Kong &#8211; M\u00e9dico Cirujano"}]},{"@type":"WebSite","@id":"https:\/\/fundaciondaya.org\/mystaging01\/#website","url":"https:\/\/fundaciondaya.org\/mystaging01\/","name":"Fundaci\u00f3n Daya","description":"Primer Centro Cann\u00e1bico de Latinoam\u00e9rica","publisher":{"@id":"https:\/\/fundaciondaya.org\/mystaging01\/#organization"},"potentialAction":[{"@type":"SearchAction","target":{"@type":"EntryPoint","urlTemplate":"https:\/\/fundaciondaya.org\/mystaging01\/?s={search_term_string}"},"query-input":{"@type":"PropertyValueSpecification","valueRequired":true,"valueName":"search_term_string"}}],"inLanguage":"es"},{"@type":"Organization","@id":"https:\/\/fundaciondaya.org\/mystaging01\/#organization","name":"Fundaci\u00f3n Daya","url":"https:\/\/fundaciondaya.org\/mystaging01\/","logo":{"@type":"ImageObject","inLanguage":"es","@id":"https:\/\/fundaciondaya.org\/mystaging01\/#\/schema\/logo\/image\/","url":"https:\/\/fundaciondaya.org\/mystaging01\/wp-content\/uploads\/2020\/09\/New-Logo-Daya-Naranjo.png","contentUrl":"https:\/\/fundaciondaya.org\/mystaging01\/wp-content\/uploads\/2020\/09\/New-Logo-Daya-Naranjo.png","width":610,"height":183,"caption":"Fundaci\u00f3n Daya"},"image":{"@id":"https:\/\/fundaciondaya.org\/mystaging01\/#\/schema\/logo\/image\/"},"sameAs":["https:\/\/www.facebook.com\/fundaciondaya","https:\/\/x.com\/FundacionDaya","https:\/\/www.instagram.com\/fundaciondaya\/","https:\/\/www.youtube.com\/channel\/UCgiidu5lI6mO-HGdhBqd5PQ"]}]}},"jetpack_sharing_enabled":true,"_links":{"self":[{"href":"https:\/\/fundaciondaya.org\/mystaging01\/wp-json\/wp\/v2\/product\/4031","targetHints":{"allow":["GET"]}}],"collection":[{"href":"https:\/\/fundaciondaya.org\/mystaging01\/wp-json\/wp\/v2\/product"}],"about":[{"href":"https:\/\/fundaciondaya.org\/mystaging01\/wp-json\/wp\/v2\/types\/product"}],"wp:featuredmedia":[{"embeddable":true,"href":"https:\/\/fundaciondaya.org\/mystaging01\/wp-json\/wp\/v2\/media\/4032"}],"wp:attachment":[{"href":"https:\/\/fundaciondaya.org\/mystaging01\/wp-json\/wp\/v2\/media?parent=4031"}],"wp:term":[{"taxonomy":"product_brand","embeddable":true,"href":"https:\/\/fundaciondaya.org\/mystaging01\/wp-json\/wp\/v2\/product_brand?post=4031"},{"taxonomy":"product_cat","embeddable":true,"href":"https:\/\/fundaciondaya.org\/mystaging01\/wp-json\/wp\/v2\/product_cat?post=4031"},{"taxonomy":"product_tag","embeddable":true,"href":"https:\/\/fundaciondaya.org\/mystaging01\/wp-json\/wp\/v2\/product_tag?post=4031"}],"curies":[{"name":"wp","href":"https:\/\/api.w.org\/{rel}","templated":true}]}}