{"id":4036,"date":"2025-05-19T01:24:11","date_gmt":"2025-05-19T05:24:11","guid":{"rendered":"https:\/\/fundaciondaya.org\/mystaging01\/?post_type=product&#038;p=4036"},"modified":"2025-05-26T13:45:16","modified_gmt":"2025-05-26T17:45:16","slug":"horacio-valdivia-vinuela-medico-cirujano","status":"publish","type":"product","link":"https:\/\/fundaciondaya.org\/mystaging01\/servicios\/horacio-valdivia-vinuela-medico-cirujano\/","title":{"rendered":"Horacio Valdivia Vi\u00f1uela &#8211; M\u00e9dico Cirujano"},"content":{"rendered":"<p><span style=\"font-weight: 400;\">Hola! Mi nombre es Horacio Valdivia Vi\u00f1uela, soy m\u00e9dico terapeuta cann\u00e1bico con 3 a\u00f1os de experiencia y ligado a la Fundaci\u00f3n Daya (en formaci\u00f3n y trabajo) desde mis principios en esta labor.<\/span><\/p>\n<p><span style=\"font-weight: 400;\">Decid\u00ed el camino de la medicina cann\u00e1bica dado que me cans\u00e9 del enfoque utilitario y ganancial de la medicina tradicional. La cannabis da la opci\u00f3n de manejar una gran variedad de enfermedades con una sola sustancia, en contra de lo habitual, que va muy ligado a la venta de una gran cantidad de f\u00e1rmacos, con muchos efectos adversos.<\/span><\/p>\n<p><span style=\"font-weight: 400;\">Me he dedicado principalmente al manejo de patolog\u00edas de salud mental, dolores cr\u00f3nicos, enfermedades autoinmunes, condici\u00f3n del espectro autista y diferentes afecciones neurol\u00f3gicas, entre otras condiciones.<\/span><\/p>\n<p><span style=\"font-weight: 400;\">Te espero en mi consulta, donde el tiempo de atenci\u00f3n es extenso y podemos hablar y solucionar todas las dudas respecto de esta maravillosa sustancia!<\/span><\/p>\n<p><br style=\"font-weight: 400;\" \/><br style=\"font-weight: 400;\" \/><\/p>\n","protected":false},"excerpt":{"rendered":"<p>Horacio Valdivia Vi\u00f1uela, m\u00e9dico terapeuta cann\u00e1bico con 3 a\u00f1os de experiencia, se especializa en salud mental, dolores cr\u00f3nicos, enfermedades autoinmunes y afecciones neurol\u00f3gicas. Ofrece consultas con atenci\u00f3n extensa para resolver dudas sobre el uso terap\u00e9utico del cannabis.<\/p>\n","protected":false},"featured_media":4037,"template":"","meta":{"_coblocks_attr":"","_coblocks_dimensions":"","_coblocks_responsive_height":"","_coblocks_accordion_ie_support":"","ub_ctt_via":"","_themeisle_gutenberg_block_has_review":false,"jetpack_post_was_ever_published":false},"product_brand":[],"product_cat":[142],"product_tag":[156,155],"class_list":{"0":"post-4036","1":"product","2":"type-product","3":"status-publish","4":"has-post-thumbnail","6":"product_cat-medicos-consultores","7":"product_tag-medicina-cannabica","8":"product_tag-medico-cirujano","10":"first","11":"instock","12":"shipping-taxable","13":"purchasable","14":"product-type-external"},"yoast_head":"<!-- This site is optimized with the Yoast SEO Premium plugin v20.0 (Yoast SEO v27.4) - https:\/\/yoast.com\/product\/yoast-seo-premium-wordpress\/ -->\n<title>Horacio Valdivia Vi\u00f1uela - M\u00e9dico Cirujano - Fundaci\u00f3n Daya<\/title>\n<meta name=\"robots\" content=\"noindex, follow, max-snippet:-1, max-image-preview:large, max-video-preview:-1\" \/>\n<meta property=\"og:locale\" content=\"es_ES\" \/>\n<meta property=\"og:type\" content=\"article\" \/>\n<meta property=\"og:title\" content=\"Horacio Valdivia Vi\u00f1uela - M\u00e9dico Cirujano\" \/>\n<meta property=\"og:description\" content=\"Horacio Valdivia Vi\u00f1uela, m\u00e9dico terapeuta cann\u00e1bico con 3 a\u00f1os de experiencia, se especializa en salud mental, dolores cr\u00f3nicos, enfermedades autoinmunes y afecciones neurol\u00f3gicas. Ofrece consultas con atenci\u00f3n extensa para resolver dudas sobre el uso terap\u00e9utico del cannabis.\" \/>\n<meta property=\"og:url\" content=\"https:\/\/fundaciondaya.org\/mystaging01\/servicios\/horacio-valdivia-vinuela-medico-cirujano\/\" \/>\n<meta property=\"og:site_name\" content=\"Fundaci\u00f3n Daya\" \/>\n<meta property=\"article:publisher\" content=\"https:\/\/www.facebook.com\/fundaciondaya\" \/>\n<meta property=\"article:modified_time\" content=\"2025-05-26T17:45:16+00:00\" \/>\n<meta property=\"og:image\" content=\"https:\/\/i0.wp.com\/fundaciondaya.org\/mystaging01\/wp-content\/uploads\/2025\/05\/Horacio-Valdivia.png?fit=1080%2C1080&ssl=1\" \/>\n\t<meta property=\"og:image:width\" content=\"1080\" \/>\n\t<meta property=\"og:image:height\" content=\"1080\" \/>\n\t<meta property=\"og:image:type\" content=\"image\/png\" \/>\n<meta name=\"twitter:card\" content=\"summary_large_image\" \/>\n<meta name=\"twitter:site\" content=\"@FundacionDaya\" \/>\n<meta name=\"twitter:label1\" content=\"Tiempo de lectura\" \/>\n\t<meta name=\"twitter:data1\" content=\"1 minuto\" \/>\n<script type=\"application\/ld+json\" class=\"yoast-schema-graph\">{\"@context\":\"https:\\\/\\\/schema.org\",\"@graph\":[{\"@type\":\"WebPage\",\"@id\":\"https:\\\/\\\/fundaciondaya.org\\\/mystaging01\\\/servicios\\\/horacio-valdivia-vinuela-medico-cirujano\\\/\",\"url\":\"https:\\\/\\\/fundaciondaya.org\\\/mystaging01\\\/servicios\\\/horacio-valdivia-vinuela-medico-cirujano\\\/\",\"name\":\"Horacio Valdivia Vi\u00f1uela - M\u00e9dico Cirujano - Fundaci\u00f3n Daya\",\"isPartOf\":{\"@id\":\"https:\\\/\\\/fundaciondaya.org\\\/mystaging01\\\/#website\"},\"primaryImageOfPage\":{\"@id\":\"https:\\\/\\\/fundaciondaya.org\\\/mystaging01\\\/servicios\\\/horacio-valdivia-vinuela-medico-cirujano\\\/#primaryimage\"},\"image\":{\"@id\":\"https:\\\/\\\/fundaciondaya.org\\\/mystaging01\\\/servicios\\\/horacio-valdivia-vinuela-medico-cirujano\\\/#primaryimage\"},\"thumbnailUrl\":\"https:\\\/\\\/i0.wp.com\\\/fundaciondaya.org\\\/mystaging01\\\/wp-content\\\/uploads\\\/2025\\\/05\\\/Horacio-Valdivia.png?fit=1080%2C1080&ssl=1\",\"datePublished\":\"2025-05-19T05:24:11+00:00\",\"dateModified\":\"2025-05-26T17:45:16+00:00\",\"breadcrumb\":{\"@id\":\"https:\\\/\\\/fundaciondaya.org\\\/mystaging01\\\/servicios\\\/horacio-valdivia-vinuela-medico-cirujano\\\/#breadcrumb\"},\"inLanguage\":\"es\",\"potentialAction\":[{\"@type\":\"ReadAction\",\"target\":[\"https:\\\/\\\/fundaciondaya.org\\\/mystaging01\\\/servicios\\\/horacio-valdivia-vinuela-medico-cirujano\\\/\"]}]},{\"@type\":\"ImageObject\",\"inLanguage\":\"es\",\"@id\":\"https:\\\/\\\/fundaciondaya.org\\\/mystaging01\\\/servicios\\\/horacio-valdivia-vinuela-medico-cirujano\\\/#primaryimage\",\"url\":\"https:\\\/\\\/i0.wp.com\\\/fundaciondaya.org\\\/mystaging01\\\/wp-content\\\/uploads\\\/2025\\\/05\\\/Horacio-Valdivia.png?fit=1080%2C1080&ssl=1\",\"contentUrl\":\"https:\\\/\\\/i0.wp.com\\\/fundaciondaya.org\\\/mystaging01\\\/wp-content\\\/uploads\\\/2025\\\/05\\\/Horacio-Valdivia.png?fit=1080%2C1080&ssl=1\",\"width\":1080,\"height\":1080},{\"@type\":\"BreadcrumbList\",\"@id\":\"https:\\\/\\\/fundaciondaya.org\\\/mystaging01\\\/servicios\\\/horacio-valdivia-vinuela-medico-cirujano\\\/#breadcrumb\",\"itemListElement\":[{\"@type\":\"ListItem\",\"position\":1,\"name\":\"Inicio\",\"item\":\"https:\\\/\\\/fundaciondaya.org\\\/mystaging01\\\/\"},{\"@type\":\"ListItem\",\"position\":2,\"name\":\"Tienda\",\"item\":\"https:\\\/\\\/fundaciondaya.org\\\/mystaging01\\\/tienda\\\/\"},{\"@type\":\"ListItem\",\"position\":3,\"name\":\"Horacio Valdivia Vi\u00f1uela &#8211; M\u00e9dico Cirujano\"}]},{\"@type\":\"WebSite\",\"@id\":\"https:\\\/\\\/fundaciondaya.org\\\/mystaging01\\\/#website\",\"url\":\"https:\\\/\\\/fundaciondaya.org\\\/mystaging01\\\/\",\"name\":\"Fundaci\u00f3n Daya\",\"description\":\"Primer Centro Cann\u00e1bico de Latinoam\u00e9rica\",\"publisher\":{\"@id\":\"https:\\\/\\\/fundaciondaya.org\\\/mystaging01\\\/#organization\"},\"potentialAction\":[{\"@type\":\"SearchAction\",\"target\":{\"@type\":\"EntryPoint\",\"urlTemplate\":\"https:\\\/\\\/fundaciondaya.org\\\/mystaging01\\\/?s={search_term_string}\"},\"query-input\":{\"@type\":\"PropertyValueSpecification\",\"valueRequired\":true,\"valueName\":\"search_term_string\"}}],\"inLanguage\":\"es\"},{\"@type\":\"Organization\",\"@id\":\"https:\\\/\\\/fundaciondaya.org\\\/mystaging01\\\/#organization\",\"name\":\"Fundaci\u00f3n Daya\",\"url\":\"https:\\\/\\\/fundaciondaya.org\\\/mystaging01\\\/\",\"logo\":{\"@type\":\"ImageObject\",\"inLanguage\":\"es\",\"@id\":\"https:\\\/\\\/fundaciondaya.org\\\/mystaging01\\\/#\\\/schema\\\/logo\\\/image\\\/\",\"url\":\"https:\\\/\\\/fundaciondaya.org\\\/mystaging01\\\/wp-content\\\/uploads\\\/2020\\\/09\\\/New-Logo-Daya-Naranjo.png\",\"contentUrl\":\"https:\\\/\\\/fundaciondaya.org\\\/mystaging01\\\/wp-content\\\/uploads\\\/2020\\\/09\\\/New-Logo-Daya-Naranjo.png\",\"width\":610,\"height\":183,\"caption\":\"Fundaci\u00f3n Daya\"},\"image\":{\"@id\":\"https:\\\/\\\/fundaciondaya.org\\\/mystaging01\\\/#\\\/schema\\\/logo\\\/image\\\/\"},\"sameAs\":[\"https:\\\/\\\/www.facebook.com\\\/fundaciondaya\",\"https:\\\/\\\/x.com\\\/FundacionDaya\",\"https:\\\/\\\/www.instagram.com\\\/fundaciondaya\\\/\",\"https:\\\/\\\/www.youtube.com\\\/channel\\\/UCgiidu5lI6mO-HGdhBqd5PQ\"]}]}<\/script>\n<!-- \/ Yoast SEO Premium plugin. -->","yoast_head_json":{"title":"Horacio Valdivia Vi\u00f1uela - M\u00e9dico Cirujano - Fundaci\u00f3n Daya","robots":{"index":"noindex","follow":"follow","max-snippet":"max-snippet:-1","max-image-preview":"max-image-preview:large","max-video-preview":"max-video-preview:-1"},"og_locale":"es_ES","og_type":"article","og_title":"Horacio Valdivia Vi\u00f1uela - M\u00e9dico Cirujano","og_description":"Horacio Valdivia Vi\u00f1uela, m\u00e9dico terapeuta cann\u00e1bico con 3 a\u00f1os de experiencia, se especializa en salud mental, dolores cr\u00f3nicos, enfermedades autoinmunes y afecciones neurol\u00f3gicas. Ofrece consultas con atenci\u00f3n extensa para resolver dudas sobre el uso terap\u00e9utico del cannabis.","og_url":"https:\/\/fundaciondaya.org\/mystaging01\/servicios\/horacio-valdivia-vinuela-medico-cirujano\/","og_site_name":"Fundaci\u00f3n Daya","article_publisher":"https:\/\/www.facebook.com\/fundaciondaya","article_modified_time":"2025-05-26T17:45:16+00:00","og_image":[{"width":1080,"height":1080,"url":"https:\/\/i0.wp.com\/fundaciondaya.org\/mystaging01\/wp-content\/uploads\/2025\/05\/Horacio-Valdivia.png?fit=1080%2C1080&ssl=1","type":"image\/png"}],"twitter_card":"summary_large_image","twitter_site":"@FundacionDaya","twitter_misc":{"Tiempo de lectura":"1 minuto"},"schema":{"@context":"https:\/\/schema.org","@graph":[{"@type":"WebPage","@id":"https:\/\/fundaciondaya.org\/mystaging01\/servicios\/horacio-valdivia-vinuela-medico-cirujano\/","url":"https:\/\/fundaciondaya.org\/mystaging01\/servicios\/horacio-valdivia-vinuela-medico-cirujano\/","name":"Horacio Valdivia Vi\u00f1uela - M\u00e9dico Cirujano - Fundaci\u00f3n Daya","isPartOf":{"@id":"https:\/\/fundaciondaya.org\/mystaging01\/#website"},"primaryImageOfPage":{"@id":"https:\/\/fundaciondaya.org\/mystaging01\/servicios\/horacio-valdivia-vinuela-medico-cirujano\/#primaryimage"},"image":{"@id":"https:\/\/fundaciondaya.org\/mystaging01\/servicios\/horacio-valdivia-vinuela-medico-cirujano\/#primaryimage"},"thumbnailUrl":"https:\/\/i0.wp.com\/fundaciondaya.org\/mystaging01\/wp-content\/uploads\/2025\/05\/Horacio-Valdivia.png?fit=1080%2C1080&ssl=1","datePublished":"2025-05-19T05:24:11+00:00","dateModified":"2025-05-26T17:45:16+00:00","breadcrumb":{"@id":"https:\/\/fundaciondaya.org\/mystaging01\/servicios\/horacio-valdivia-vinuela-medico-cirujano\/#breadcrumb"},"inLanguage":"es","potentialAction":[{"@type":"ReadAction","target":["https:\/\/fundaciondaya.org\/mystaging01\/servicios\/horacio-valdivia-vinuela-medico-cirujano\/"]}]},{"@type":"ImageObject","inLanguage":"es","@id":"https:\/\/fundaciondaya.org\/mystaging01\/servicios\/horacio-valdivia-vinuela-medico-cirujano\/#primaryimage","url":"https:\/\/i0.wp.com\/fundaciondaya.org\/mystaging01\/wp-content\/uploads\/2025\/05\/Horacio-Valdivia.png?fit=1080%2C1080&ssl=1","contentUrl":"https:\/\/i0.wp.com\/fundaciondaya.org\/mystaging01\/wp-content\/uploads\/2025\/05\/Horacio-Valdivia.png?fit=1080%2C1080&ssl=1","width":1080,"height":1080},{"@type":"BreadcrumbList","@id":"https:\/\/fundaciondaya.org\/mystaging01\/servicios\/horacio-valdivia-vinuela-medico-cirujano\/#breadcrumb","itemListElement":[{"@type":"ListItem","position":1,"name":"Inicio","item":"https:\/\/fundaciondaya.org\/mystaging01\/"},{"@type":"ListItem","position":2,"name":"Tienda","item":"https:\/\/fundaciondaya.org\/mystaging01\/tienda\/"},{"@type":"ListItem","position":3,"name":"Horacio Valdivia Vi\u00f1uela &#8211; M\u00e9dico Cirujano"}]},{"@type":"WebSite","@id":"https:\/\/fundaciondaya.org\/mystaging01\/#website","url":"https:\/\/fundaciondaya.org\/mystaging01\/","name":"Fundaci\u00f3n Daya","description":"Primer Centro Cann\u00e1bico de Latinoam\u00e9rica","publisher":{"@id":"https:\/\/fundaciondaya.org\/mystaging01\/#organization"},"potentialAction":[{"@type":"SearchAction","target":{"@type":"EntryPoint","urlTemplate":"https:\/\/fundaciondaya.org\/mystaging01\/?s={search_term_string}"},"query-input":{"@type":"PropertyValueSpecification","valueRequired":true,"valueName":"search_term_string"}}],"inLanguage":"es"},{"@type":"Organization","@id":"https:\/\/fundaciondaya.org\/mystaging01\/#organization","name":"Fundaci\u00f3n Daya","url":"https:\/\/fundaciondaya.org\/mystaging01\/","logo":{"@type":"ImageObject","inLanguage":"es","@id":"https:\/\/fundaciondaya.org\/mystaging01\/#\/schema\/logo\/image\/","url":"https:\/\/fundaciondaya.org\/mystaging01\/wp-content\/uploads\/2020\/09\/New-Logo-Daya-Naranjo.png","contentUrl":"https:\/\/fundaciondaya.org\/mystaging01\/wp-content\/uploads\/2020\/09\/New-Logo-Daya-Naranjo.png","width":610,"height":183,"caption":"Fundaci\u00f3n Daya"},"image":{"@id":"https:\/\/fundaciondaya.org\/mystaging01\/#\/schema\/logo\/image\/"},"sameAs":["https:\/\/www.facebook.com\/fundaciondaya","https:\/\/x.com\/FundacionDaya","https:\/\/www.instagram.com\/fundaciondaya\/","https:\/\/www.youtube.com\/channel\/UCgiidu5lI6mO-HGdhBqd5PQ"]}]}},"jetpack_sharing_enabled":true,"_links":{"self":[{"href":"https:\/\/fundaciondaya.org\/mystaging01\/wp-json\/wp\/v2\/product\/4036","targetHints":{"allow":["GET"]}}],"collection":[{"href":"https:\/\/fundaciondaya.org\/mystaging01\/wp-json\/wp\/v2\/product"}],"about":[{"href":"https:\/\/fundaciondaya.org\/mystaging01\/wp-json\/wp\/v2\/types\/product"}],"wp:featuredmedia":[{"embeddable":true,"href":"https:\/\/fundaciondaya.org\/mystaging01\/wp-json\/wp\/v2\/media\/4037"}],"wp:attachment":[{"href":"https:\/\/fundaciondaya.org\/mystaging01\/wp-json\/wp\/v2\/media?parent=4036"}],"wp:term":[{"taxonomy":"product_brand","embeddable":true,"href":"https:\/\/fundaciondaya.org\/mystaging01\/wp-json\/wp\/v2\/product_brand?post=4036"},{"taxonomy":"product_cat","embeddable":true,"href":"https:\/\/fundaciondaya.org\/mystaging01\/wp-json\/wp\/v2\/product_cat?post=4036"},{"taxonomy":"product_tag","embeddable":true,"href":"https:\/\/fundaciondaya.org\/mystaging01\/wp-json\/wp\/v2\/product_tag?post=4036"}],"curies":[{"name":"wp","href":"https:\/\/api.w.org\/{rel}","templated":true}]}}